{"id":61,"date":"2025-03-10T09:42:24","date_gmt":"2025-03-10T08:42:24","guid":{"rendered":"http:\/\/www.frager-kg.at\/?page_id=61"},"modified":"2025-03-13T12:28:13","modified_gmt":"2025-03-13T11:28:13","slug":"frager-bau-consult","status":"publish","type":"page","link":"http:\/\/www.frager-kg.at\/","title":{"rendered":"FRAGER BAU CONSULT"},"content":{"rendered":"<p>&nbsp;<\/p>\n<p><img loading=\"lazy\" decoding=\"async\" class=\" wp-image-75 aligncenter\" src=\"http:\/\/www.frager-kg.at\/wp-content\/uploads\/2025\/03\/Under-Construction-300x74.png\" alt=\"\" width=\"709\" height=\"175\" srcset=\"http:\/\/www.frager-kg.at\/wp-content\/uploads\/2025\/03\/Under-Construction-300x74.png 300w, http:\/\/www.frager-kg.at\/wp-content\/uploads\/2025\/03\/Under-Construction.png 605w\" sizes=\"auto, (max-width: 709px) 100vw, 709px\" \/><\/p>\n<h1 style=\"text-align: center;\"><span style=\"color: #000080;\"><strong><em>WEBSITE UNDER CONSTRUCTION<\/em><\/strong><\/span><\/h1>\n<h4><\/h4>\n<h2 style=\"text-align: center;\"><span style=\"color: #000080;\"><strong>FRAGER BAU CONSULT<\/strong><\/span><\/h2>\n<h2 style=\"text-align: center;\"><span style=\"color: #000080;\">Bewertung und Beratung<\/span><\/h2>\n<h4 style=\"text-align: center;\"><span style=\"color: #000080;\">\u00a0<\/span><\/h4>\n<h4 style=\"text-align: center;\"><span style=\"color: #000080;\"><strong>+43 676 4405808 <\/strong><\/span><\/h4>\n<h4 style=\"text-align: center;\"><span style=\"color: #000080;\"><strong>office@frager-kg.at<\/strong> <\/span><\/h4>\n<h4 style=\"text-align: center;\"><\/h4>\n<p>&nbsp;<\/p>\n<h4 style=\"text-align: center;\"><span style=\"color: #000080;\"><strong>Postadresse<\/strong> und <strong>B\u00fcro Lienz<\/strong>:<\/span><\/h4>\n<h4 style=\"text-align: center;\"><span style=\"color: #000080;\">G\u00f6rzerstra\u00dfe 8<\/span><br \/>\n<span style=\"color: #000080;\">A-9900 Lienz<\/span><\/h4>\n<p>&nbsp;<\/p>\n<h4 style=\"text-align: center;\"><span style=\"color: #000080;\"><strong>B\u00fcro Wien:\u00a0<\/strong><\/span><\/h4>\n<h4 style=\"text-align: center;\"><span style=\"color: #000080;\">Embelgasse 9-13 \/ Top 3<\/span><br \/>\n<span style=\"color: #000080;\">A-1050 Wien<\/span><\/h4>\n<p>&nbsp;<\/p>\n<p>&nbsp;<\/p>\n<p>&nbsp;<\/p>\n<p>&nbsp;<\/p>\n<p>&nbsp;<\/p>\n<hr \/>\n<p><span style=\"color: #000080;\"><strong>Firmeninformationen \/ Impressum:<\/strong><\/span><\/p>\n<p><span style=\"color: #000080;\">FRAGER BAU CONSULT<br \/>\n<\/span><span style=\"color: #000080;\">Dr. Pia Frager-Mandler, MBA<\/span><\/p>\n<p><u><span style=\"color: #000080;\">Unternehmensgegenstand:<\/span><br \/>\n<\/u><span style=\"color: #000080;\">Unternehmensberatung<\/span><\/p>\n<p><u><span style=\"color: #000080;\">Unternehmensstandort:<\/span><\/u><br \/>\n<span style=\"color: #000080;\">G\u00f6rzerstra\u00dfe 8<\/span><br \/>\n<span style=\"color: #000080;\">A-9900 Lienz<\/span><\/p>\n<p><u><span style=\"color: #000080;\">Kontaktdaten:<\/span><\/u><br \/>\n<span style=\"color: #000080;\">+43 676 4405808<br \/>\noffice@frager-kg.at<\/span><\/p>\n","protected":false},"excerpt":{"rendered":"<p>&nbsp; WEBSITE UNDER CONSTRUCTION FRAGER BAU CONSULT Bewertung und Beratung \u00a0 +43 676 4405808 office@frager-kg.at &nbsp; Postadresse und B\u00fcro Lienz: G\u00f6rzerstra\u00dfe 8 A-9900 Lienz &nbsp; B\u00fcro Wien:\u00a0 Embelgasse 9-13 \/ Top 3 A-1050 Wien &nbsp; &nbsp; &nbsp; &nbsp; &nbsp; Firmeninformationen \/ Impressum: FRAGER BAU CONSULT Dr. Pia Frager-Mandler, MBA Unternehmensgegenstand:&#8230;<\/p>\n","protected":false},"author":1,"featured_media":0,"parent":0,"menu_order":0,"comment_status":"closed","ping_status":"closed","template":"","meta":{"footnotes":""},"class_list":["post-61","page","type-page","status-publish","hentry"],"_links":{"self":[{"href":"http:\/\/www.frager-kg.at\/index.php?rest_route=\/wp\/v2\/pages\/61","targetHints":{"allow":["GET"]}}],"collection":[{"href":"http:\/\/www.frager-kg.at\/index.php?rest_route=\/wp\/v2\/pages"}],"about":[{"href":"http:\/\/www.frager-kg.at\/index.php?rest_route=\/wp\/v2\/types\/page"}],"author":[{"embeddable":true,"href":"http:\/\/www.frager-kg.at\/index.php?rest_route=\/wp\/v2\/users\/1"}],"replies":[{"embeddable":true,"href":"http:\/\/www.frager-kg.at\/index.php?rest_route=%2Fwp%2Fv2%2Fcomments&post=61"}],"version-history":[{"count":10,"href":"http:\/\/www.frager-kg.at\/index.php?rest_route=\/wp\/v2\/pages\/61\/revisions"}],"predecessor-version":[{"id":107,"href":"http:\/\/www.frager-kg.at\/index.php?rest_route=\/wp\/v2\/pages\/61\/revisions\/107"}],"wp:attachment":[{"href":"http:\/\/www.frager-kg.at\/index.php?rest_route=%2Fwp%2Fv2%2Fmedia&parent=61"}],"curies":[{"name":"wp","href":"https:\/\/api.w.org\/{rel}","templated":true}]}}